{"id":6,"date":"2025-02-28T08:45:54","date_gmt":"2025-02-28T08:45:54","guid":{"rendered":"https:\/\/puukauppamatti.fi\/index.php\/kauppa\/"},"modified":"2026-02-16T08:23:10","modified_gmt":"2026-02-16T08:23:10","slug":"kauppa","status":"publish","type":"page","link":"https:\/\/puukauppamatti.fi\/","title":{"rendered":"Tuotteet"},"content":{"rendered":"<p>[et_pb_section fb_built=&#8221;1&#8243; _builder_version=&#8221;4.27.4&#8243; _module_preset=&#8221;default&#8221; background_color=&#8221;#ffff00&#8243; custom_padding=&#8221;9px||13px|||&#8221; global_colors_info=&#8221;{}&#8221;][et_pb_row _builder_version=&#8221;4.27.4&#8243; _module_preset=&#8221;default&#8221; custom_padding=&#8221;||4px|||&#8221; global_colors_info=&#8221;{}&#8221;][et_pb_column type=&#8221;4_4&#8243; _builder_version=&#8221;4.27.4&#8243; _module_preset=&#8221;default&#8221; global_colors_info=&#8221;{}&#8221;][et_pb_text _builder_version=&#8221;4.27.4&#8243; _module_preset=&#8221;default&#8221; link_text_color=&#8221;#ff3223&#8243; global_colors_info=&#8221;{}&#8221;]<\/p>\n<h2 style=\"text-align: center;\"><strong>VARASTOMME SIJAITSEE UUDESSA OSOITTEESSA 1.10.2025 ALKAEN: ONKIJOENTIE 368, 32210 LOIMAA<\/strong><\/h2>\n<p><strong><\/strong><\/p>\n<p>[\/et_pb_text][\/et_pb_column][\/et_pb_row][\/et_pb_section][et_pb_section fb_built=&#8221;1&#8243; _builder_version=&#8221;4.27.4&#8243; _module_preset=&#8221;default&#8221; background_color=&#8221;#F3F9F1&#8243; custom_padding=&#8221;9px||0px|||&#8221; global_colors_info=&#8221;{}&#8221;][et_pb_row _builder_version=&#8221;4.27.4&#8243; _module_preset=&#8221;default&#8221; custom_padding=&#8221;||4px|||&#8221; global_colors_info=&#8221;{}&#8221;][et_pb_column type=&#8221;4_4&#8243; _builder_version=&#8221;4.27.4&#8243; _module_preset=&#8221;default&#8221; global_colors_info=&#8221;{}&#8221;][et_pb_text _builder_version=&#8221;4.27.4&#8243; _module_preset=&#8221;default&#8221; link_text_color=&#8221;#ff3223&#8243; global_colors_info=&#8221;{}&#8221;]<\/p>\n<h1 style=\"text-align: center;\"><strong>Myymme alemman laatuluokan rakennustarvikkeita\/tarjouseri\u00e4.<\/strong><strong><\/strong><\/h1>\n<p><strong><\/strong><\/p>\n<p style=\"text-align: center;\"><strong>Meill\u00e4 ei toistaiseksi ole perinteist\u00e4 v\u00e4hitt\u00e4ismyynti\u00e4.<\/strong><\/p>\n<p style=\"text-align: center;\"><strong>Tilauksesta toimitamme ykk\u00f6slaadun ulkoverhouspaneeleita:<\/strong><\/p>\n<p style=\"text-align: center;\"><strong> Kaikki leveydet\/profiilit<br \/><\/strong><strong>UTV, UTS, UTW, UTH, UYM, UY2M8 ym.<br \/><\/strong><\/p>\n<p style=\"text-align: center;\"><span style=\"color: #ff0000;\"><b>KYSY TARJOUS!<\/b><\/span><\/p>\n<p style=\"text-align: center;\"><strong>Soita aina, niin sovitaan noudosta: Matti M\u00e4kinen puh. 041 314 9558.<\/strong><\/p>\n<p style=\"text-align: center;\"><span style=\"color: #e02b20;\"><strong>Kaikki myyt\u00e4v\u00e4t er\u00e4t l\u00f6ytyv\u00e4t kotisivuiltamme. Kuvaa klikkaamalla n\u00e4et useampia kuvia tuotteesta.<\/strong><\/span><\/p>\n<p><strong> <\/strong><\/p>\n<p style=\"text-align: center;\"><strong>Tuotteitamme l\u00f6yd\u00e4t my\u00f6s <a href=\"https:\/\/www.tori.fi\/recommerce\/forsale\/search?q=puukauppa+matti+oy\">Tori.fi<\/a>, <a href=\"https:\/\/huutokaupat.com\/ilmoittaja\/puukauppa-matti-oy\">Huutokaupat.com<\/a>, <a href=\"https:\/\/monet.fi\/?search=puukauppa+matti&amp;active_search=true\">Monet.fi<\/a> ja <a href=\"https:\/\/huutomylly.fi\/kaikki?haku=Puukauppa%20Matti%20Oy\">Huutomylly.fi<\/a>!<\/strong><\/p>\n<p style=\"text-align: center;\">\n<p>[\/et_pb_text][\/et_pb_column][\/et_pb_row][\/et_pb_section][et_pb_section fb_built=&#8221;1&#8243; _builder_version=&#8221;4.21.0&#8243; _module_preset=&#8221;default&#8221; custom_padding=&#8221;3px||14px|||&#8221; global_colors_info=&#8221;{}&#8221;][et_pb_row _builder_version=&#8221;4.21.0&#8243; _module_preset=&#8221;default&#8221; custom_margin=&#8221;-44px|auto||auto||&#8221; custom_css_main_element=&#8221;display:flex;||&#8221; global_colors_info=&#8221;{}&#8221;][et_pb_column type=&#8221;4_4&#8243; _builder_version=&#8221;4.21.0&#8243; _module_preset=&#8221;default&#8221; global_colors_info=&#8221;{}&#8221;][et_pb_shop type=&#8221;latest&#8221; show_pagination=&#8221;on&#8221; columns_number=&#8221;1&#8243; disabled_on=&#8221;on|on|off&#8221; _builder_version=&#8221;4.21.0&#8243; _module_preset=&#8221;default&#8221; width=&#8221;80%&#8221; custom_css_image=&#8221;width:300px;&#8221; global_colors_info=&#8221;{}&#8221;][\/et_pb_shop][\/et_pb_column][\/et_pb_row][et_pb_row disabled_on=&#8221;off|off|on&#8221; _builder_version=&#8221;4.21.0&#8243; _module_preset=&#8221;default&#8221; custom_padding=&#8221;||0px|||&#8221; global_colors_info=&#8221;{}&#8221;][et_pb_column type=&#8221;4_4&#8243; _builder_version=&#8221;4.21.0&#8243; _module_preset=&#8221;default&#8221; global_colors_info=&#8221;{}&#8221;][et_pb_shop _builder_version=&#8221;4.21.0&#8243; _module_preset=&#8221;default&#8221; global_colors_info=&#8221;{}&#8221;][\/et_pb_shop][\/et_pb_column][\/et_pb_row][\/et_pb_section][et_pb_section fb_built=&#8221;1&#8243; _builder_version=&#8221;4.27.4&#8243; _module_preset=&#8221;default&#8221; custom_padding=&#8221;3px||7px|||&#8221; global_module=&#8221;618&#8243; saved_tabs=&#8221;all&#8221; global_colors_info=&#8221;{}&#8221;][et_pb_row _builder_version=&#8221;4.27.4&#8243; _module_preset=&#8221;default&#8221; hover_enabled=&#8221;0&#8243; global_colors_info=&#8221;{}&#8221; sticky_enabled=&#8221;0&#8243;][et_pb_column type=&#8221;4_4&#8243; _builder_version=&#8221;4.27.4&#8243; _module_preset=&#8221;default&#8221; global_colors_info=&#8221;{}&#8221;][et_pb_text _builder_version=&#8221;4.27.4&#8243; _module_preset=&#8221;default&#8221; text_text_color=&#8221;#6ACB95&#8243; hover_enabled=&#8221;0&#8243; global_colors_info=&#8221;{}&#8221; sticky_enabled=&#8221;0&#8243;]<\/p>\n<p style=\"text-align: center;\"><span style=\"color: #339966;\"><strong>Tuotteitamme l\u00f6yd\u00e4t my\u00f6s<a href=\"https:\/\/www.tori.fi\/recommerce\/forsale\/search?q=puukauppa+matti\"> Tori.fi,<\/a> <a href=\"https:\/\/huutokaupat.com\/ilmoittaja\/puukauppa-matti-oy\">Huutokaupat.com,<\/a><br \/><a href=\"https:\/\/monet.fi\/?search=puukauppa+matti&amp;active_search=true\">Monet.fi<\/a> ja <a href=\"https:\/\/huutomylly.fi\/kaikki?haku=Puukauppa%20Matti%20Oy\">Huutomylly.fi<\/a>!<\/strong><\/span><\/p>\n<p style=\"text-align: center;\"><a href=\"https:\/\/www.tori.fi\/recommerce\/forsale\/search?q=puukauppa+matti\"><img loading=\"lazy\" decoding=\"async\" src=\"https:\/\/puukauppamatti.fi\/wp-content\/uploads\/2025\/04\/tori.fi-logo-1.png\" width=\"236\" height=\"63\" alt=\"\" class=\"wp-image-644 alignnone size-full\" \/><\/a><\/p>\n<p style=\"text-align: center;\"><a href=\"https:\/\/huutokaupat.com\/ilmoittaja\/puukauppa-matti-oy\"><img loading=\"lazy\" decoding=\"async\" src=\"https:\/\/puukauppamatti.fi\/wp-content\/uploads\/2026\/01\/Logo_Huutokaupatcom-300x94.png\" width=\"300\" height=\"94\" alt=\"\" class=\"wp-image-1120 alignnone size-medium\" \/><\/a><br \/><a href=\"https:\/\/monet.fi\/?search=puukauppa+matti&amp;active_search=true\"><img loading=\"lazy\" decoding=\"async\" src=\"https:\/\/puukauppamatti.fi\/wp-content\/uploads\/2026\/02\/monet.fi_-300x60.png\" width=\"300\" height=\"60\" alt=\"\" class=\"wp-image-1133 alignnone size-medium\" \/><\/a><\/p>\n<p style=\"text-align: center;\"><a href=\"https:\/\/huutomylly.fi\/kaikki?haku=Puukauppa%20Matti%20Oy\"><img loading=\"lazy\" decoding=\"async\" src=\"https:\/\/puukauppamatti.fi\/wp-content\/uploads\/2025\/03\/huutomylly-logo@2x-300x80.png\" width=\"300\" height=\"80\" alt=\"\" class=\"wp-image-332 alignnone size-medium\" srcset=\"https:\/\/puukauppamatti.fi\/wp-content\/uploads\/2025\/03\/huutomylly-logo@2x-300x80.png 300w, https:\/\/puukauppamatti.fi\/wp-content\/uploads\/2025\/03\/huutomylly-logo@2x.png 472w\" sizes=\"(max-width: 300px) 100vw, 300px\" \/><\/a><\/p>\n<p>[\/et_pb_text][\/et_pb_column][\/et_pb_row][\/et_pb_section]<\/p>\n","protected":false},"excerpt":{"rendered":"<p>VARASTOMME SIJAITSEE UUDESSA OSOITTEESSA 1.10.2025 ALKAEN: ONKIJOENTIE 368, 32210 LOIMAA Myymme alemman laatuluokan rakennustarvikkeita\/tarjouseri\u00e4. Meill\u00e4 ei toistaiseksi ole perinteist\u00e4 v\u00e4hitt\u00e4ismyynti\u00e4. Tilauksesta toimitamme ykk\u00f6slaadun ulkoverhouspaneeleita: Kaikki leveydet\/profiilitUTV, UTS, UTW, UTH, UYM, UY2M8 ym. KYSY TARJOUS! Soita aina, niin sovitaan noudosta: Matti M\u00e4kinen puh. 041 314 9558. Kaikki myyt\u00e4v\u00e4t er\u00e4t l\u00f6ytyv\u00e4t kotisivuiltamme. Kuvaa klikkaamalla n\u00e4et useampia kuvia [&hellip;]<\/p>\n","protected":false},"author":1,"featured_media":0,"parent":0,"menu_order":0,"comment_status":"closed","ping_status":"closed","template":"","meta":{"_et_pb_use_builder":"on","_et_pb_old_content":"","_et_gb_content_width":"","footnotes":""},"class_list":["post-6","page","type-page","status-publish","hentry"],"_links":{"self":[{"href":"https:\/\/puukauppamatti.fi\/index.php\/wp-json\/wp\/v2\/pages\/6","targetHints":{"allow":["GET"]}}],"collection":[{"href":"https:\/\/puukauppamatti.fi\/index.php\/wp-json\/wp\/v2\/pages"}],"about":[{"href":"https:\/\/puukauppamatti.fi\/index.php\/wp-json\/wp\/v2\/types\/page"}],"author":[{"embeddable":true,"href":"https:\/\/puukauppamatti.fi\/index.php\/wp-json\/wp\/v2\/users\/1"}],"replies":[{"embeddable":true,"href":"https:\/\/puukauppamatti.fi\/index.php\/wp-json\/wp\/v2\/comments?post=6"}],"version-history":[{"count":80,"href":"https:\/\/puukauppamatti.fi\/index.php\/wp-json\/wp\/v2\/pages\/6\/revisions"}],"predecessor-version":[{"id":1143,"href":"https:\/\/puukauppamatti.fi\/index.php\/wp-json\/wp\/v2\/pages\/6\/revisions\/1143"}],"wp:attachment":[{"href":"https:\/\/puukauppamatti.fi\/index.php\/wp-json\/wp\/v2\/media?parent=6"}],"curies":[{"name":"wp","href":"https:\/\/api.w.org\/{rel}","templated":true}]}}